{"id":469,"date":"2025-08-08T08:22:23","date_gmt":"2025-08-08T08:22:23","guid":{"rendered":"https:\/\/www.controcampo.com\/?page_id=469"},"modified":"2025-09-12T08:03:25","modified_gmt":"2025-09-12T08:03:25","slug":"chi-siamo","status":"publish","type":"page","link":"https:\/\/www.controcampo.com\/en\/chi-siamo\/","title":{"rendered":"Chi Siamo"},"content":{"rendered":"<div data-elementor-type=\"wp-page\" data-elementor-id=\"469\" class=\"elementor elementor-469\" data-elementor-post-type=\"page\">\n\t\t\t\t<div class=\"elementor-element elementor-element-aa491eb e-con-full e-flex e-con e-parent\" data-id=\"aa491eb\" data-element_type=\"container\" data-settings=\"{&quot;background_background&quot;:&quot;video&quot;,&quot;background_video_link&quot;:&quot;https:\\\/\\\/vimeo.com\\\/1098771941\\\/17d88fefdf&quot;,&quot;background_play_on_mobile&quot;:&quot;yes&quot;,&quot;position&quot;:&quot;absolute&quot;}\">\n\t\t<div class=\"elementor-background-video-container\" aria-hidden=\"true\">\n\t\t\t\t\t\t\t<div class=\"elementor-background-video-embed\"><\/div>\n\t\t\t\t\t\t<\/div>\t\t<\/div>\n\t\t<div class=\"elementor-element elementor-element-1bd091d e-con-full e-flex e-con e-parent\" data-id=\"1bd091d\" data-element_type=\"container\" data-settings=\"{&quot;position&quot;:&quot;fixed&quot;}\">\n\t\t<div class=\"elementor-element elementor-element-25e43a6 e-con-full e-flex e-con e-child\" data-id=\"25e43a6\" data-element_type=\"container\" data-settings=\"{&quot;background_background&quot;:&quot;classic&quot;}\">\n\t\t\t\t<div class=\"elementor-element elementor-element-509818f elementor-widget elementor-widget-heading\" data-id=\"509818f\" data-element_type=\"widget\" data-widget_type=\"heading.default\">\n\t\t\t\t\t<h4 class=\"elementor-heading-title elementor-size-default\"><a href=\"https:\/\/www.controcampo.com\/en\/\">[ Close ]<\/a><\/h4>\t\t\t\t<\/div>\n\t\t\t\t<\/div>\n\t\t\t\t<\/div>\n\t\t<div class=\"elementor-element elementor-element-d5f0a8f e-grid e-con-full e-con e-parent\" data-id=\"d5f0a8f\" data-element_type=\"container\">\n\t\t<div class=\"elementor-element elementor-element-0147ef7 e-con-full e-flex e-con e-child\" data-id=\"0147ef7\" data-element_type=\"container\">\n\t\t\t\t<div class=\"elementor-element elementor-element-46c8e70 elementor-widget elementor-widget-image\" data-id=\"46c8e70\" data-element_type=\"widget\" data-widget_type=\"image.default\">\n\t\t\t\t\t\t\t\t\t\t\t\t\t\t\t<img decoding=\"async\" width=\"168\" height=\"64\" src=\"https:\/\/www.controcampo.com\/wp-content\/uploads\/2025\/07\/CC_logo-new.svg\" class=\"attachment-full size-full wp-image-350\" alt=\"\" \/>\t\t\t\t\t\t\t\t\t\t\t\t\t\t\t<\/div>\n\t\t\t\t<div class=\"elementor-element elementor-element-3e26533 elementor-widget elementor-widget-heading\" data-id=\"3e26533\" data-element_type=\"widget\" data-widget_type=\"heading.default\">\n\t\t\t\t\t<h2 class=\"elementor-heading-title elementor-size-default\">Affidati,<br>Immagina,<br>Sorprenditi.<\/h2>\t\t\t\t<\/div>\n\t\t\t\t<\/div>\n\t\t<div class=\"elementor-element elementor-element-dc7d8c7 e-con-full e-flex e-con e-child\" data-id=\"dc7d8c7\" data-element_type=\"container\">\n\t\t\t\t<div class=\"elementor-element elementor-element-c65b271 elementor-widget elementor-widget-heading\" data-id=\"c65b271\" data-element_type=\"widget\" data-widget_type=\"heading.default\">\n\t\t\t\t\t<h2 class=\"elementor-heading-title elementor-size-default\">Profondit\u00e0 di campo<\/h2>\t\t\t\t<\/div>\n\t\t\t\t<div class=\"elementor-element elementor-element-75cc7ba elementor-widget elementor-widget-text-editor\" data-id=\"75cc7ba\" data-element_type=\"widget\" data-widget_type=\"text-editor.default\">\n\t\t\t\t\t\t\t\t\t<p>Le realt\u00e0 che lavorano nell\u2019audiovisivo e negli eventi sono tantissime. Ma quante possono vantare oltre 3 decenni di esperienza, decine di premi di settore vinti, case histories di grande successo, conoscenza maniacale della tecnica e controllo dei processi produttivi pi\u00f9 articolati e impegnativi? Noi lo sappiamo. E voi?<\/p>\t\t\t\t\t\t\t\t<\/div>\n\t\t\t\t<\/div>\n\t\t<div class=\"elementor-element elementor-element-8a93e7a e-con-full e-flex e-con e-child\" data-id=\"8a93e7a\" data-element_type=\"container\">\n\t\t\t\t<div class=\"elementor-element elementor-element-90a44f2 elementor-widget elementor-widget-heading\" data-id=\"90a44f2\" data-element_type=\"widget\" data-widget_type=\"heading.default\">\n\t\t\t\t\t<h2 class=\"elementor-heading-title elementor-size-default\">In focus<\/h2>\t\t\t\t<\/div>\n\t\t\t\t<div class=\"elementor-element elementor-element-f9b6f1c elementor-widget elementor-widget-text-editor\" data-id=\"f9b6f1c\" data-element_type=\"widget\" data-widget_type=\"text-editor.default\">\n\t\t\t\t\t\t\t\t\t<p>We like choosing and being chosen, building long-lasting partnerships: we learn, attune, listen, align and commit. Fully. We don\u2019t just work to create exciting projects together with our clients: we want to craft projects that matter, whose value stands the test of time.<\/p>\t\t\t\t\t\t\t\t<\/div>\n\t\t\t\t<\/div>\n\t\t<div class=\"elementor-element elementor-element-6081f2b e-con-full e-flex e-con e-child\" data-id=\"6081f2b\" data-element_type=\"container\">\n\t\t\t\t<div class=\"elementor-element elementor-element-f453879 elementor-widget elementor-widget-heading\" data-id=\"f453879\" data-element_type=\"widget\" data-widget_type=\"heading.default\">\n\t\t\t\t\t<h2 class=\"elementor-heading-title elementor-size-default\">Casting<\/h2>\t\t\t\t<\/div>\n\t\t\t\t<div class=\"elementor-element elementor-element-27bc216 elementor-widget elementor-widget-text-editor\" data-id=\"27bc216\" data-element_type=\"widget\" data-widget_type=\"text-editor.default\">\n\t\t\t\t\t\t\t\t\t<p>Sappiamo cosa sappiamo fare e fare bene. Ma non ci basta mai. Esploriamo incessantemente il panorama creativo nazionale e internazionale, per avere al nostro fianco le menti e i talenti migliori. Per mettere a punto, per ogni progetto, il team ideale, con la sensibilit\u00e0 giusta. E che abbia la stessa fame di meraviglia che coltiviamo da sempre.<\/p>\t\t\t\t\t\t\t\t<\/div>\n\t\t\t\t<\/div>\n\t\t<div class=\"elementor-element elementor-element-175b0b7 e-con-full e-flex e-con e-child\" data-id=\"175b0b7\" data-element_type=\"container\">\n\t\t\t\t<div class=\"elementor-element elementor-element-6475989 elementor-widget elementor-widget-heading\" data-id=\"6475989\" data-element_type=\"widget\" data-widget_type=\"heading.default\">\n\t\t\t\t\t<h2 class=\"elementor-heading-title elementor-size-default\">Backstage<\/h2>\t\t\t\t<\/div>\n\t\t\t\t<div class=\"elementor-element elementor-element-42c5e06 elementor-widget elementor-widget-text-editor\" data-id=\"42c5e06\" data-element_type=\"widget\" data-widget_type=\"text-editor.default\">\n\t\t\t\t\t\t\t\t\t<p>Siamo orgogliosi di tutto quello che si vede. E anche di quello che non si vede. Negli anni abbiamo maturato un talento speciale: comprendere e gestire tutte le pi\u00f9 insidiose criticit\u00e0 del processo produttivo, garantendo al cliente soluzioni, semplicit\u00e0, affidabilit\u00e0, sempre. In ogni condizione, anche la pi\u00f9 imprevista e sfidante.<\/p>\t\t\t\t\t\t\t\t<\/div>\n\t\t\t\t<\/div>\n\t\t<div class=\"elementor-element elementor-element-8cf7048 e-con-full e-flex e-con e-child\" data-id=\"8cf7048\" data-element_type=\"container\">\n\t\t\t\t<div class=\"elementor-element elementor-element-5508d8f elementor-widget elementor-widget-heading\" data-id=\"5508d8f\" data-element_type=\"widget\" data-widget_type=\"heading.default\">\n\t\t\t\t\t<h2 class=\"elementor-heading-title elementor-size-default\">Special effects<\/h2>\t\t\t\t<\/div>\n\t\t\t\t<div class=\"elementor-element elementor-element-3775cfd elementor-widget elementor-widget-text-editor\" data-id=\"3775cfd\" data-element_type=\"widget\" data-widget_type=\"text-editor.default\">\n\t\t\t\t\t\t\t\t\t<p>Non basta avere idee brillanti. Il nostro obiettivo \u00e8 andare oltre, produrre visioni e momenti che facciano fare \u201cclic\u201d all\u2019interruttore delle emozioni, che attivino il sentimento pi\u00f9 profondo della sorpresa. Che sia un video, un servizio fotografico o un evento aziendale, l\u2019output finale \u00e8 per noi una cosa viva: vibrante, umana, memorabile.<\/p>\t\t\t\t\t\t\t\t<\/div>\n\t\t\t\t<\/div>\n\t\t\t\t<\/div>\n\t\t\t\t<\/div>","protected":false},"excerpt":{"rendered":"<p>[ Chiudi ] Affidati,Immagina,Sorprenditi. Profondit\u00e0 di campo Le realt\u00e0 che lavorano nell\u2019audiovisivo e negli eventi sono tantissime. Ma quante possono vantare oltre 3 decenni di esperienza, decine di premi di settore vinti, case histories di grande successo, conoscenza maniacale della tecnica e controllo dei processi produttivi pi\u00f9 articolati e impegnativi? Noi lo sappiamo. E voi? [&hellip;]<\/p>","protected":false},"author":1,"featured_media":0,"parent":0,"menu_order":0,"comment_status":"closed","ping_status":"closed","template":"elementor_canvas","meta":{"_acf_changed":false,"footnotes":""},"class_list":["post-469","page","type-page","status-publish","hentry"],"acf":[],"_links":{"self":[{"href":"https:\/\/www.controcampo.com\/en\/wp-json\/wp\/v2\/pages\/469","targetHints":{"allow":["GET"]}}],"collection":[{"href":"https:\/\/www.controcampo.com\/en\/wp-json\/wp\/v2\/pages"}],"about":[{"href":"https:\/\/www.controcampo.com\/en\/wp-json\/wp\/v2\/types\/page"}],"author":[{"embeddable":true,"href":"https:\/\/www.controcampo.com\/en\/wp-json\/wp\/v2\/users\/1"}],"replies":[{"embeddable":true,"href":"https:\/\/www.controcampo.com\/en\/wp-json\/wp\/v2\/comments?post=469"}],"version-history":[{"count":73,"href":"https:\/\/www.controcampo.com\/en\/wp-json\/wp\/v2\/pages\/469\/revisions"}],"predecessor-version":[{"id":973,"href":"https:\/\/www.controcampo.com\/en\/wp-json\/wp\/v2\/pages\/469\/revisions\/973"}],"wp:attachment":[{"href":"https:\/\/www.controcampo.com\/en\/wp-json\/wp\/v2\/media?parent=469"}],"curies":[{"name":"wp","href":"https:\/\/api.w.org\/{rel}","templated":true}]}}